{"id":114,"date":"2022-09-12T17:28:09","date_gmt":"2022-09-12T20:28:09","guid":{"rendered":"https:\/\/polijuniorengenharia.com.br\/index.php\/services\/"},"modified":"2026-04-08T19:06:56","modified_gmt":"2026-04-08T22:06:56","slug":"solucoes","status":"publish","type":"page","link":"https:\/\/polijuniorengenharia.com.br\/index.php\/solucoes\/","title":{"rendered":"Solu\u00e7\u00f5es"},"content":{"rendered":"\t\t<div data-elementor-type=\"wp-post\" data-elementor-id=\"114\" class=\"elementor elementor-114\" data-elementor-post-type=\"page\">\n\t\t\t\t\t\t<section class=\"elementor-section elementor-top-section elementor-element elementor-element-3f8acea9 elementor-section-height-min-height elementor-section-boxed elementor-section-height-default elementor-section-items-middle\" data-id=\"3f8acea9\" data-element_type=\"section\" data-e-type=\"section\" data-settings=\"{&quot;background_background&quot;:&quot;classic&quot;}\">\n\t\t\t\t\t\t<div class=\"elementor-container elementor-column-gap-default\">\n\t\t\t\t\t<div class=\"elementor-column elementor-col-100 elementor-top-column elementor-element elementor-element-11d839a8\" data-id=\"11d839a8\" data-element_type=\"column\" data-e-type=\"column\">\n\t\t\t<div class=\"elementor-widget-wrap elementor-element-populated\">\n\t\t\t\t\t\t<div class=\"elementor-element elementor-element-46376e5b elementor-widget elementor-widget-text-editor\" data-id=\"46376e5b\" data-element_type=\"widget\" data-e-type=\"widget\" data-widget_type=\"text-editor.default\">\n\t\t\t\t<div class=\"elementor-widget-container\">\n\t\t\t\t\t\t\t\t\t<p>O que n\u00f3s fazemos de melhor<\/p>\t\t\t\t\t\t\t\t<\/div>\n\t\t\t\t<\/div>\n\t\t\t\t<div class=\"elementor-element elementor-element-3a9868f2 elementor-widget elementor-widget-heading\" data-id=\"3a9868f2\" data-element_type=\"widget\" data-e-type=\"widget\" data-widget_type=\"heading.default\">\n\t\t\t\t<div class=\"elementor-widget-container\">\n\t\t\t\t\t<h1 class=\"elementor-heading-title elementor-size-default\">N\u00facleos de Atua\u00e7\u00e3o<\/h1>\t\t\t\t<\/div>\n\t\t\t\t<\/div>\n\t\t\t\t\t<\/div>\n\t\t<\/div>\n\t\t\t\t\t<\/div>\n\t\t<\/section>\n\t\t\t\t<section class=\"elementor-section elementor-top-section elementor-element elementor-element-1103fcfd elementor-section-boxed elementor-section-height-default elementor-section-height-default\" data-id=\"1103fcfd\" data-element_type=\"section\" data-e-type=\"section\">\n\t\t\t\t\t\t<div class=\"elementor-container elementor-column-gap-default\">\n\t\t\t\t\t<div class=\"elementor-column elementor-col-100 elementor-top-column elementor-element elementor-element-426daf03\" data-id=\"426daf03\" data-element_type=\"column\" data-e-type=\"column\">\n\t\t\t<div class=\"elementor-widget-wrap elementor-element-populated\">\n\t\t\t\t\t\t<section class=\"elementor-section elementor-inner-section elementor-element elementor-element-6c654be elementor-section-boxed elementor-section-height-default elementor-section-height-default\" data-id=\"6c654be\" data-element_type=\"section\" data-e-type=\"section\">\n\t\t\t\t\t\t<div class=\"elementor-container elementor-column-gap-default\">\n\t\t\t\t\t<div class=\"elementor-column elementor-col-33 elementor-inner-column elementor-element elementor-element-5f5727c\" data-id=\"5f5727c\" data-element_type=\"column\" data-e-type=\"column\">\n\t\t\t<div class=\"elementor-widget-wrap elementor-element-populated\">\n\t\t\t\t\t\t<div class=\"elementor-element elementor-element-8af7057 elementor-cta--skin-cover elementor-cta--valign-middle elementor-widget elementor-widget-call-to-action\" data-id=\"8af7057\" data-element_type=\"widget\" data-e-type=\"widget\" data-widget_type=\"call-to-action.default\">\n\t\t\t\t<div class=\"elementor-widget-container\">\n\t\t\t\t\t\t\t<a class=\"elementor-cta\" href=\"https:\/\/polijuniorengenharia.com.br\/index.php\/nucleo-construcao-civil\/\">\n\t\t\t\t\t<div class=\"elementor-cta__bg-wrapper\">\n\t\t\t\t<div class=\"elementor-cta__bg elementor-bg\" style=\"background-image: url();\" role=\"img\" aria-label=\"\"><\/div>\n\t\t\t\t<div class=\"elementor-cta__bg-overlay\"><\/div>\n\t\t\t<\/div>\n\t\t\t\t\t\t\t<div class=\"elementor-cta__content\">\n\t\t\t\t\n\t\t\t\t\t\t\t\t\t<h3 class=\"elementor-cta__title elementor-cta__content-item elementor-content-item\">\n\t\t\t\t\t\tConstru\u00e7\u00e3o Civil\t\t\t\t\t<\/h3>\n\t\t\t\t\n\t\t\t\t\t\t\t\t\t<div class=\"elementor-cta__description elementor-cta__content-item elementor-content-item\">\n\t\t\t\t\t\tSolu\u00e7\u00f5es na \u00e1rea de Arquitetura, Engenharia Civil e Engenharia El\u00e9trica, elaborando desde projetos simples \u00e0 mais complexos.\t\t\t\t\t<\/div>\n\t\t\t\t\n\t\t\t\t\t\t\t\t\t<div class=\"elementor-cta__button-wrapper elementor-cta__content-item elementor-content-item \">\n\t\t\t\t\t<span class=\"elementor-cta__button elementor-button elementor-size-\">\n\t\t\t\t\t\tConhecer Mais\t\t\t\t\t<\/span>\n\t\t\t\t\t<\/div>\n\t\t\t\t\t\t\t<\/div>\n\t\t\t\t\t\t<\/a>\n\t\t\t\t\t\t<\/div>\n\t\t\t\t<\/div>\n\t\t\t\t\t<\/div>\n\t\t<\/div>\n\t\t\t\t<div class=\"elementor-column elementor-col-33 elementor-inner-column elementor-element elementor-element-6cedcd3\" data-id=\"6cedcd3\" data-element_type=\"column\" data-e-type=\"column\">\n\t\t\t<div class=\"elementor-widget-wrap elementor-element-populated\">\n\t\t\t\t\t\t<div class=\"elementor-element elementor-element-e1c64ff elementor-cta--skin-cover elementor-cta--valign-middle elementor-widget elementor-widget-call-to-action\" data-id=\"e1c64ff\" data-element_type=\"widget\" data-e-type=\"widget\" data-widget_type=\"call-to-action.default\">\n\t\t\t\t<div class=\"elementor-widget-container\">\n\t\t\t\t\t\t\t<a class=\"elementor-cta\" href=\"https:\/\/polijuniorengenharia.com.br\/index.php\/nucleo-industrial\">\n\t\t\t\t\t<div class=\"elementor-cta__bg-wrapper\">\n\t\t\t\t<div class=\"elementor-cta__bg elementor-bg\" style=\"background-image: url();\" role=\"img\" aria-label=\"\"><\/div>\n\t\t\t\t<div class=\"elementor-cta__bg-overlay\"><\/div>\n\t\t\t<\/div>\n\t\t\t\t\t\t\t<div class=\"elementor-cta__content\">\n\t\t\t\t\n\t\t\t\t\t\t\t\t\t<h3 class=\"elementor-cta__title elementor-cta__content-item elementor-content-item\">\n\t\t\t\t\t\tIndustrial\t\t\t\t\t<\/h3>\n\t\t\t\t\n\t\t\t\t\t\t\t\t\t<div class=\"elementor-cta__description elementor-cta__content-item elementor-content-item\">\n\t\t\t\t\t\tDesenvolvimento de solu\u00e7\u00f5es para problemas ou processos que busquem aprimorar a produ\u00e7\u00e3o de f\u00e1bricas e ind\u00fastrias.\t\t\t\t\t<\/div>\n\t\t\t\t\n\t\t\t\t\t\t\t\t\t<div class=\"elementor-cta__button-wrapper elementor-cta__content-item elementor-content-item \">\n\t\t\t\t\t<span class=\"elementor-cta__button elementor-button elementor-size-\">\n\t\t\t\t\t\tConhecer Mais\t\t\t\t\t<\/span>\n\t\t\t\t\t<\/div>\n\t\t\t\t\t\t\t<\/div>\n\t\t\t\t\t\t<\/a>\n\t\t\t\t\t\t<\/div>\n\t\t\t\t<\/div>\n\t\t\t\t\t<\/div>\n\t\t<\/div>\n\t\t\t\t<div class=\"elementor-column elementor-col-33 elementor-inner-column elementor-element elementor-element-7829b7e\" data-id=\"7829b7e\" data-element_type=\"column\" data-e-type=\"column\">\n\t\t\t<div class=\"elementor-widget-wrap elementor-element-populated\">\n\t\t\t\t\t\t<div class=\"elementor-element elementor-element-b04bd45 elementor-cta--skin-cover elementor-cta--valign-middle elementor-widget elementor-widget-call-to-action\" data-id=\"b04bd45\" data-element_type=\"widget\" data-e-type=\"widget\" data-widget_type=\"call-to-action.default\">\n\t\t\t\t<div class=\"elementor-widget-container\">\n\t\t\t\t\t\t\t<a class=\"elementor-cta\" href=\"https:\/\/polijuniorengenharia.com.br\/index.php\/nucleo-tecnologia\">\n\t\t\t\t\t<div class=\"elementor-cta__bg-wrapper\">\n\t\t\t\t<div class=\"elementor-cta__bg elementor-bg\" style=\"background-image: url();\" role=\"img\" aria-label=\"\"><\/div>\n\t\t\t\t<div class=\"elementor-cta__bg-overlay\"><\/div>\n\t\t\t<\/div>\n\t\t\t\t\t\t\t<div class=\"elementor-cta__content\">\n\t\t\t\t\n\t\t\t\t\t\t\t\t\t<h3 class=\"elementor-cta__title elementor-cta__content-item elementor-content-item\">\n\t\t\t\t\t\tTecnologia\t\t\t\t\t<\/h3>\n\t\t\t\t\n\t\t\t\t\t\t\t\t\t<div class=\"elementor-cta__description elementor-cta__content-item elementor-content-item\">\n\t\t\t\t\t\tCom linguagens de programa\u00e7\u00e3o, criamos solu\u00e7\u00f5es personalizadas que facilitam diversos processos dentro de empresas.\t\t\t\t\t<\/div>\n\t\t\t\t\n\t\t\t\t\t\t\t\t\t<div class=\"elementor-cta__button-wrapper elementor-cta__content-item elementor-content-item \">\n\t\t\t\t\t<span class=\"elementor-cta__button elementor-button elementor-size-\">\n\t\t\t\t\t\tConhecer Mais\t\t\t\t\t<\/span>\n\t\t\t\t\t<\/div>\n\t\t\t\t\t\t\t<\/div>\n\t\t\t\t\t\t<\/a>\n\t\t\t\t\t\t<\/div>\n\t\t\t\t<\/div>\n\t\t\t\t\t<\/div>\n\t\t<\/div>\n\t\t\t\t\t<\/div>\n\t\t<\/section>\n\t\t\t\t\t<\/div>\n\t\t<\/div>\n\t\t\t\t\t<\/div>\n\t\t<\/section>\n\t\t\t\t<section class=\"elementor-section elementor-top-section elementor-element elementor-element-f74a7e1 elementor-section-boxed elementor-section-height-default elementor-section-height-default\" data-id=\"f74a7e1\" data-element_type=\"section\" data-e-type=\"section\" data-settings=\"{&quot;background_background&quot;:&quot;classic&quot;}\">\n\t\t\t\t\t\t<div class=\"elementor-container elementor-column-gap-default\">\n\t\t\t\t\t<div class=\"elementor-column elementor-col-100 elementor-top-column elementor-element elementor-element-7045105\" data-id=\"7045105\" data-element_type=\"column\" data-e-type=\"column\" data-settings=\"{&quot;background_background&quot;:&quot;classic&quot;}\">\n\t\t\t<div class=\"elementor-widget-wrap elementor-element-populated\">\n\t\t\t\t\t\t<div class=\"elementor-element elementor-element-5a0dedb elementor-widget elementor-widget-heading\" data-id=\"5a0dedb\" data-element_type=\"widget\" data-e-type=\"widget\" data-widget_type=\"heading.default\">\n\t\t\t\t<div class=\"elementor-widget-container\">\n\t\t\t\t\t<h2 class=\"elementor-heading-title elementor-size-default\">Estaremos com voc\u00ea mesmo depois do t\u00e9rmino do seu projeto<\/h2>\t\t\t\t<\/div>\n\t\t\t\t<\/div>\n\t\t\t\t<div class=\"elementor-element elementor-element-24c3da1 elementor-widget elementor-widget-text-editor\" data-id=\"24c3da1\" data-element_type=\"widget\" data-e-type=\"widget\" data-widget_type=\"text-editor.default\">\n\t\t\t\t<div class=\"elementor-widget-container\">\n\t\t\t\t\t\t\t\t\t<p><span style=\"font-weight: 400;\">Sua confian\u00e7a e satisfa\u00e7\u00e3o s\u00e3o os indicadores do nosso sucesso!<\/span><\/p>\t\t\t\t\t\t\t\t<\/div>\n\t\t\t\t<\/div>\n\t\t\t\t<div class=\"elementor-element elementor-element-cf9e736 elementor-align-center elementor-widget elementor-widget-button\" data-id=\"cf9e736\" data-element_type=\"widget\" data-e-type=\"widget\" data-widget_type=\"button.default\">\n\t\t\t\t<div class=\"elementor-widget-container\">\n\t\t\t\t\t\t\t\t\t<div class=\"elementor-button-wrapper\">\n\t\t\t\t\t<a class=\"elementor-button elementor-button-link elementor-size-md\" href=\"#forms\">\n\t\t\t\t\t\t<span class=\"elementor-button-content-wrapper\">\n\t\t\t\t\t\t<span class=\"elementor-button-icon\">\n\t\t\t\t<i aria-hidden=\"true\" class=\"fas fa-long-arrow-alt-right\"><\/i>\t\t\t<\/span>\n\t\t\t\t\t\t\t\t\t<span class=\"elementor-button-text\">Quero uma Reuni\u00e3o Gratuita<\/span>\n\t\t\t\t\t<\/span>\n\t\t\t\t\t<\/a>\n\t\t\t\t<\/div>\n\t\t\t\t\t\t\t\t<\/div>\n\t\t\t\t<\/div>\n\t\t\t\t\t<\/div>\n\t\t<\/div>\n\t\t\t\t\t<\/div>\n\t\t<\/section>\n\t\t\t\t<\/div>\n\t\t","protected":false},"excerpt":{"rendered":"<p>O que n\u00f3s fazemos de melhor N\u00facleos de Atua\u00e7\u00e3o Constru\u00e7\u00e3o Civil Solu\u00e7\u00f5es na \u00e1rea de Arquitetura, Engenharia Civil e Engenharia El\u00e9trica, elaborando desde projetos simples \u00e0 mais complexos. Conhecer Mais Industrial Desenvolvimento de solu\u00e7\u00f5es para problemas ou processos que busquem aprimorar a produ\u00e7\u00e3o de f\u00e1bricas e ind\u00fastrias. Conhecer Mais Tecnologia Com linguagens de programa\u00e7\u00e3o, criamos [&hellip;]<\/p>\n","protected":false},"author":1,"featured_media":0,"parent":0,"menu_order":0,"comment_status":"closed","ping_status":"open","template":"elementor_header_footer","meta":{"footnotes":""},"class_list":["post-114","page","type-page","status-publish","hentry"],"yoast_head":"<!-- This site is optimized with the Yoast SEO plugin v27.3 - https:\/\/yoast.com\/product\/yoast-seo-wordpress\/ -->\n<title>Solu\u00e7\u00f5es - Poli Junior Engenharia<\/title>\n<meta name=\"robots\" content=\"index, follow, max-snippet:-1, max-image-preview:large, max-video-preview:-1\" \/>\n<link rel=\"canonical\" href=\"https:\/\/polijuniorengenharia.com.br\/index.php\/solucoes\/\" \/>\n<meta property=\"og:locale\" content=\"pt_BR\" \/>\n<meta property=\"og:type\" content=\"article\" \/>\n<meta property=\"og:title\" content=\"Solu\u00e7\u00f5es - Poli Junior Engenharia\" \/>\n<meta property=\"og:description\" content=\"O que n\u00f3s fazemos de melhor N\u00facleos de Atua\u00e7\u00e3o Constru\u00e7\u00e3o Civil Solu\u00e7\u00f5es na \u00e1rea de Arquitetura, Engenharia Civil e Engenharia El\u00e9trica, elaborando desde projetos simples \u00e0 mais complexos. Conhecer Mais Industrial Desenvolvimento de solu\u00e7\u00f5es para problemas ou processos que busquem aprimorar a produ\u00e7\u00e3o de f\u00e1bricas e ind\u00fastrias. Conhecer Mais Tecnologia Com linguagens de programa\u00e7\u00e3o, criamos [&hellip;]\" \/>\n<meta property=\"og:url\" content=\"https:\/\/polijuniorengenharia.com.br\/index.php\/solucoes\/\" \/>\n<meta property=\"og:site_name\" content=\"Poli Junior Engenharia\" \/>\n<meta property=\"article:modified_time\" content=\"2026-04-08T22:06:56+00:00\" \/>\n<meta name=\"twitter:card\" content=\"summary_large_image\" \/>\n<meta name=\"twitter:label1\" content=\"Est. tempo de leitura\" \/>\n\t<meta name=\"twitter:data1\" content=\"1 minuto\" \/>\n<script type=\"application\/ld+json\" class=\"yoast-schema-graph\">{\"@context\":\"https:\\\/\\\/schema.org\",\"@graph\":[{\"@type\":\"WebPage\",\"@id\":\"https:\\\/\\\/polijuniorengenharia.com.br\\\/index.php\\\/solucoes\\\/\",\"url\":\"https:\\\/\\\/polijuniorengenharia.com.br\\\/index.php\\\/solucoes\\\/\",\"name\":\"Solu\u00e7\u00f5es - Poli Junior Engenharia\",\"isPartOf\":{\"@id\":\"https:\\\/\\\/polijuniorengenharia.com.br\\\/#website\"},\"datePublished\":\"2022-09-12T20:28:09+00:00\",\"dateModified\":\"2026-04-08T22:06:56+00:00\",\"breadcrumb\":{\"@id\":\"https:\\\/\\\/polijuniorengenharia.com.br\\\/index.php\\\/solucoes\\\/#breadcrumb\"},\"inLanguage\":\"pt-BR\",\"potentialAction\":[{\"@type\":\"ReadAction\",\"target\":[\"https:\\\/\\\/polijuniorengenharia.com.br\\\/index.php\\\/solucoes\\\/\"]}]},{\"@type\":\"BreadcrumbList\",\"@id\":\"https:\\\/\\\/polijuniorengenharia.com.br\\\/index.php\\\/solucoes\\\/#breadcrumb\",\"itemListElement\":[{\"@type\":\"ListItem\",\"position\":1,\"name\":\"In\u00edcio\",\"item\":\"https:\\\/\\\/polijuniorengenharia.com.br\\\/\"},{\"@type\":\"ListItem\",\"position\":2,\"name\":\"Solu\u00e7\u00f5es\"}]},{\"@type\":\"WebSite\",\"@id\":\"https:\\\/\\\/polijuniorengenharia.com.br\\\/#website\",\"url\":\"https:\\\/\\\/polijuniorengenharia.com.br\\\/\",\"name\":\"Poli Junior Engenharia\",\"description\":\"Solu\u00e7\u00f5es de ponta a ponta em engenharia.\",\"publisher\":{\"@id\":\"https:\\\/\\\/polijuniorengenharia.com.br\\\/#organization\"},\"potentialAction\":[{\"@type\":\"SearchAction\",\"target\":{\"@type\":\"EntryPoint\",\"urlTemplate\":\"https:\\\/\\\/polijuniorengenharia.com.br\\\/?s={search_term_string}\"},\"query-input\":{\"@type\":\"PropertyValueSpecification\",\"valueRequired\":true,\"valueName\":\"search_term_string\"}}],\"inLanguage\":\"pt-BR\"},{\"@type\":\"Organization\",\"@id\":\"https:\\\/\\\/polijuniorengenharia.com.br\\\/#organization\",\"name\":\"Poli Junior Engenharia\",\"url\":\"https:\\\/\\\/polijuniorengenharia.com.br\\\/\",\"logo\":{\"@type\":\"ImageObject\",\"inLanguage\":\"pt-BR\",\"@id\":\"https:\\\/\\\/polijuniorengenharia.com.br\\\/#\\\/schema\\\/logo\\\/image\\\/\",\"url\":\"https:\\\/\\\/polijuniorengenharia.com.br\\\/wp-content\\\/uploads\\\/2022\\\/09\\\/Logomarca-FFDLFFT1B1.png\",\"contentUrl\":\"https:\\\/\\\/polijuniorengenharia.com.br\\\/wp-content\\\/uploads\\\/2022\\\/09\\\/Logomarca-FFDLFFT1B1.png\",\"width\":300,\"height\":80,\"caption\":\"Poli Junior Engenharia\"},\"image\":{\"@id\":\"https:\\\/\\\/polijuniorengenharia.com.br\\\/#\\\/schema\\\/logo\\\/image\\\/\"},\"sameAs\":[\"https:\\\/\\\/www.instagram.com\\\/polijunioreng\\\/\",\"https:\\\/\\\/br.linkedin.com\\\/company\\\/poli-jnior-engenharia\"]}]}<\/script>\n<!-- \/ Yoast SEO plugin. -->","yoast_head_json":{"title":"Solu\u00e7\u00f5es - Poli Junior Engenharia","robots":{"index":"index","follow":"follow","max-snippet":"max-snippet:-1","max-image-preview":"max-image-preview:large","max-video-preview":"max-video-preview:-1"},"canonical":"https:\/\/polijuniorengenharia.com.br\/index.php\/solucoes\/","og_locale":"pt_BR","og_type":"article","og_title":"Solu\u00e7\u00f5es - Poli Junior Engenharia","og_description":"O que n\u00f3s fazemos de melhor N\u00facleos de Atua\u00e7\u00e3o Constru\u00e7\u00e3o Civil Solu\u00e7\u00f5es na \u00e1rea de Arquitetura, Engenharia Civil e Engenharia El\u00e9trica, elaborando desde projetos simples \u00e0 mais complexos. Conhecer Mais Industrial Desenvolvimento de solu\u00e7\u00f5es para problemas ou processos que busquem aprimorar a produ\u00e7\u00e3o de f\u00e1bricas e ind\u00fastrias. Conhecer Mais Tecnologia Com linguagens de programa\u00e7\u00e3o, criamos [&hellip;]","og_url":"https:\/\/polijuniorengenharia.com.br\/index.php\/solucoes\/","og_site_name":"Poli Junior Engenharia","article_modified_time":"2026-04-08T22:06:56+00:00","twitter_card":"summary_large_image","twitter_misc":{"Est. tempo de leitura":"1 minuto"},"schema":{"@context":"https:\/\/schema.org","@graph":[{"@type":"WebPage","@id":"https:\/\/polijuniorengenharia.com.br\/index.php\/solucoes\/","url":"https:\/\/polijuniorengenharia.com.br\/index.php\/solucoes\/","name":"Solu\u00e7\u00f5es - Poli Junior Engenharia","isPartOf":{"@id":"https:\/\/polijuniorengenharia.com.br\/#website"},"datePublished":"2022-09-12T20:28:09+00:00","dateModified":"2026-04-08T22:06:56+00:00","breadcrumb":{"@id":"https:\/\/polijuniorengenharia.com.br\/index.php\/solucoes\/#breadcrumb"},"inLanguage":"pt-BR","potentialAction":[{"@type":"ReadAction","target":["https:\/\/polijuniorengenharia.com.br\/index.php\/solucoes\/"]}]},{"@type":"BreadcrumbList","@id":"https:\/\/polijuniorengenharia.com.br\/index.php\/solucoes\/#breadcrumb","itemListElement":[{"@type":"ListItem","position":1,"name":"In\u00edcio","item":"https:\/\/polijuniorengenharia.com.br\/"},{"@type":"ListItem","position":2,"name":"Solu\u00e7\u00f5es"}]},{"@type":"WebSite","@id":"https:\/\/polijuniorengenharia.com.br\/#website","url":"https:\/\/polijuniorengenharia.com.br\/","name":"Poli Junior Engenharia","description":"Solu\u00e7\u00f5es de ponta a ponta em engenharia.","publisher":{"@id":"https:\/\/polijuniorengenharia.com.br\/#organization"},"potentialAction":[{"@type":"SearchAction","target":{"@type":"EntryPoint","urlTemplate":"https:\/\/polijuniorengenharia.com.br\/?s={search_term_string}"},"query-input":{"@type":"PropertyValueSpecification","valueRequired":true,"valueName":"search_term_string"}}],"inLanguage":"pt-BR"},{"@type":"Organization","@id":"https:\/\/polijuniorengenharia.com.br\/#organization","name":"Poli Junior Engenharia","url":"https:\/\/polijuniorengenharia.com.br\/","logo":{"@type":"ImageObject","inLanguage":"pt-BR","@id":"https:\/\/polijuniorengenharia.com.br\/#\/schema\/logo\/image\/","url":"https:\/\/polijuniorengenharia.com.br\/wp-content\/uploads\/2022\/09\/Logomarca-FFDLFFT1B1.png","contentUrl":"https:\/\/polijuniorengenharia.com.br\/wp-content\/uploads\/2022\/09\/Logomarca-FFDLFFT1B1.png","width":300,"height":80,"caption":"Poli Junior Engenharia"},"image":{"@id":"https:\/\/polijuniorengenharia.com.br\/#\/schema\/logo\/image\/"},"sameAs":["https:\/\/www.instagram.com\/polijunioreng\/","https:\/\/br.linkedin.com\/company\/poli-jnior-engenharia"]}]}},"_links":{"self":[{"href":"https:\/\/polijuniorengenharia.com.br\/index.php\/wp-json\/wp\/v2\/pages\/114","targetHints":{"allow":["GET"]}}],"collection":[{"href":"https:\/\/polijuniorengenharia.com.br\/index.php\/wp-json\/wp\/v2\/pages"}],"about":[{"href":"https:\/\/polijuniorengenharia.com.br\/index.php\/wp-json\/wp\/v2\/types\/page"}],"author":[{"embeddable":true,"href":"https:\/\/polijuniorengenharia.com.br\/index.php\/wp-json\/wp\/v2\/users\/1"}],"replies":[{"embeddable":true,"href":"https:\/\/polijuniorengenharia.com.br\/index.php\/wp-json\/wp\/v2\/comments?post=114"}],"version-history":[{"count":28,"href":"https:\/\/polijuniorengenharia.com.br\/index.php\/wp-json\/wp\/v2\/pages\/114\/revisions"}],"predecessor-version":[{"id":4407,"href":"https:\/\/polijuniorengenharia.com.br\/index.php\/wp-json\/wp\/v2\/pages\/114\/revisions\/4407"}],"wp:attachment":[{"href":"https:\/\/polijuniorengenharia.com.br\/index.php\/wp-json\/wp\/v2\/media?parent=114"}],"curies":[{"name":"wp","href":"https:\/\/api.w.org\/{rel}","templated":true}]}}