{"id":828,"date":"2022-11-16T00:18:35","date_gmt":"2022-11-16T03:18:35","guid":{"rendered":"https:\/\/polijuniorengenharia.com.br\/?page_id=828"},"modified":"2024-05-22T17:51:44","modified_gmt":"2024-05-22T20:51:44","slug":"monte-ararat","status":"publish","type":"page","link":"https:\/\/polijuniorengenharia.com.br\/index.php\/monte-ararat\/","title":{"rendered":"Monte Ararat"},"content":{"rendered":"\t\t<div data-elementor-type=\"wp-post\" data-elementor-id=\"828\" class=\"elementor elementor-828\" data-elementor-post-type=\"page\">\n\t\t\t\t\t\t<section class=\"elementor-section elementor-top-section elementor-element elementor-element-1276975a elementor-section-height-min-height elementor-section-boxed elementor-section-height-default elementor-section-items-middle\" data-id=\"1276975a\" data-element_type=\"section\" data-e-type=\"section\" data-settings=\"{&quot;background_background&quot;:&quot;classic&quot;}\">\n\t\t\t\t\t\t<div class=\"elementor-container elementor-column-gap-default\">\n\t\t\t\t\t<div class=\"elementor-column elementor-col-100 elementor-top-column elementor-element elementor-element-7aa4df94\" data-id=\"7aa4df94\" data-element_type=\"column\" data-e-type=\"column\">\n\t\t\t<div class=\"elementor-widget-wrap elementor-element-populated\">\n\t\t\t\t\t\t<div class=\"elementor-element elementor-element-68dfcabe elementor-widget elementor-widget-text-editor\" data-id=\"68dfcabe\" data-element_type=\"widget\" data-e-type=\"widget\" data-widget_type=\"text-editor.default\">\n\t\t\t\t<div class=\"elementor-widget-container\">\n\t\t\t\t\t\t\t\t\t<p>Edf. Monte Ararat<\/p>\t\t\t\t\t\t\t\t<\/div>\n\t\t\t\t<\/div>\n\t\t\t\t<div class=\"elementor-element elementor-element-6e2ea696 elementor-widget elementor-widget-heading\" data-id=\"6e2ea696\" data-element_type=\"widget\" data-e-type=\"widget\" data-widget_type=\"heading.default\">\n\t\t\t\t<div class=\"elementor-widget-container\">\n\t\t\t\t\t<h1 class=\"elementor-heading-title elementor-size-default\">Automa\u00e7\u00e3o de Bombas<\/h1>\t\t\t\t<\/div>\n\t\t\t\t<\/div>\n\t\t\t\t\t<\/div>\n\t\t<\/div>\n\t\t\t\t\t<\/div>\n\t\t<\/section>\n\t\t\t\t<section class=\"elementor-section elementor-top-section elementor-element elementor-element-53d69bbf elementor-section-boxed elementor-section-height-default elementor-section-height-default\" data-id=\"53d69bbf\" data-element_type=\"section\" data-e-type=\"section\">\n\t\t\t\t\t\t<div class=\"elementor-container elementor-column-gap-default\">\n\t\t\t\t\t<div class=\"elementor-column elementor-col-100 elementor-top-column elementor-element elementor-element-1602b549\" data-id=\"1602b549\" data-element_type=\"column\" data-e-type=\"column\">\n\t\t\t<div class=\"elementor-widget-wrap elementor-element-populated\">\n\t\t\t\t\t\t<section class=\"elementor-section elementor-inner-section elementor-element elementor-element-35023fb7 elementor-section-boxed elementor-section-height-default elementor-section-height-default\" data-id=\"35023fb7\" data-element_type=\"section\" data-e-type=\"section\">\n\t\t\t\t\t\t<div class=\"elementor-container elementor-column-gap-default\">\n\t\t\t\t\t<div class=\"elementor-column elementor-col-50 elementor-inner-column elementor-element elementor-element-7624d4f5\" data-id=\"7624d4f5\" data-element_type=\"column\" data-e-type=\"column\">\n\t\t\t<div class=\"elementor-widget-wrap elementor-element-populated\">\n\t\t\t\t\t\t<div class=\"elementor-element elementor-element-67105606 elementor-widget elementor-widget-image\" data-id=\"67105606\" data-element_type=\"widget\" data-e-type=\"widget\" data-widget_type=\"image.default\">\n\t\t\t\t<div class=\"elementor-widget-container\">\n\t\t\t\t\t\t\t\t\t\t\t\t\t\t\t<img fetchpriority=\"high\" decoding=\"async\" width=\"600\" height=\"450\" src=\"https:\/\/polijuniorengenharia.com.br\/wp-content\/uploads\/2022\/10\/392027_4751_AL481_06.jpg\" class=\"attachment-large size-large wp-image-547\" alt=\"\" srcset=\"https:\/\/polijuniorengenharia.com.br\/wp-content\/uploads\/2022\/10\/392027_4751_AL481_06.jpg 600w, https:\/\/polijuniorengenharia.com.br\/wp-content\/uploads\/2022\/10\/392027_4751_AL481_06-300x225.jpg 300w\" sizes=\"(max-width: 600px) 100vw, 600px\" \/>\t\t\t\t\t\t\t\t\t\t\t\t\t\t\t<\/div>\n\t\t\t\t<\/div>\n\t\t\t\t\t<\/div>\n\t\t<\/div>\n\t\t\t\t<div class=\"elementor-column elementor-col-50 elementor-inner-column elementor-element elementor-element-25364c4d\" data-id=\"25364c4d\" data-element_type=\"column\" data-e-type=\"column\">\n\t\t\t<div class=\"elementor-widget-wrap elementor-element-populated\">\n\t\t\t\t\t\t<div class=\"elementor-element elementor-element-4df7e17c elementor-widget elementor-widget-heading\" data-id=\"4df7e17c\" data-element_type=\"widget\" data-e-type=\"widget\" data-widget_type=\"heading.default\">\n\t\t\t\t<div class=\"elementor-widget-container\">\n\t\t\t\t\t<h3 class=\"elementor-heading-title elementor-size-default\">O projeto<\/h3>\t\t\t\t<\/div>\n\t\t\t\t<\/div>\n\t\t\t\t<div class=\"elementor-element elementor-element-1f9c14af elementor-widget elementor-widget-text-editor\" data-id=\"1f9c14af\" data-element_type=\"widget\" data-e-type=\"widget\" data-widget_type=\"text-editor.default\">\n\t\t\t\t<div class=\"elementor-widget-container\">\n\t\t\t\t\t\t\t\t\t<p><span style=\"font-weight: 400;\">No projeto, monitoramos as bombas com sensores de temperatura e de vaz\u00e3o, com isso conseguimos ter os dados, e tamb\u00e9m facilitar a manuten\u00e7\u00e3o preventiva das bombas.<\/span><\/p><p><span style=\"font-weight: 400;\">Para facilitar o acionamento das bombas, desenvolvemos uma interface que em conjunto com controladores ESP&#8217;s, acionam as bombas para conseguirmos ter o controle, e com parada autom\u00e1tica.<\/span><\/p>\t\t\t\t\t\t\t\t<\/div>\n\t\t\t\t<\/div>\n\t\t\t\t\t<\/div>\n\t\t<\/div>\n\t\t\t\t\t<\/div>\n\t\t<\/section>\n\t\t\t\t\t<\/div>\n\t\t<\/div>\n\t\t\t\t\t<\/div>\n\t\t<\/section>\n\t\t\t\t<section class=\"elementor-section elementor-top-section elementor-element elementor-element-5f189016 elementor-section-boxed elementor-section-height-default elementor-section-height-default\" data-id=\"5f189016\" data-element_type=\"section\" data-e-type=\"section\" data-settings=\"{&quot;background_background&quot;:&quot;classic&quot;}\">\n\t\t\t\t\t\t<div class=\"elementor-container elementor-column-gap-default\">\n\t\t\t\t\t<div class=\"elementor-column elementor-col-100 elementor-top-column elementor-element elementor-element-642c6d71\" data-id=\"642c6d71\" data-element_type=\"column\" data-e-type=\"column\" data-settings=\"{&quot;background_background&quot;:&quot;classic&quot;}\">\n\t\t\t<div class=\"elementor-widget-wrap elementor-element-populated\">\n\t\t\t\t\t\t<div class=\"elementor-element elementor-element-359fc40b elementor-widget elementor-widget-heading\" data-id=\"359fc40b\" data-element_type=\"widget\" data-e-type=\"widget\" data-widget_type=\"heading.default\">\n\t\t\t\t<div class=\"elementor-widget-container\">\n\t\t\t\t\t<h2 class=\"elementor-heading-title elementor-size-default\">Nosso time de profissionais est\u00e1 aqui para voc\u00ea!<\/h2>\t\t\t\t<\/div>\n\t\t\t\t<\/div>\n\t\t\t\t<div class=\"elementor-element elementor-element-3629942 elementor-align-center elementor-widget elementor-widget-button\" data-id=\"3629942\" data-element_type=\"widget\" data-e-type=\"widget\" data-widget_type=\"button.default\">\n\t\t\t\t<div class=\"elementor-widget-container\">\n\t\t\t\t\t\t\t\t\t<div class=\"elementor-button-wrapper\">\n\t\t\t\t\t<a class=\"elementor-button elementor-button-link elementor-size-md\" href=\"#forms\">\n\t\t\t\t\t\t<span class=\"elementor-button-content-wrapper\">\n\t\t\t\t\t\t<span class=\"elementor-button-icon\">\n\t\t\t\t<i aria-hidden=\"true\" class=\"fas fa-long-arrow-alt-right\"><\/i>\t\t\t<\/span>\n\t\t\t\t\t\t\t\t\t<span class=\"elementor-button-text\">Reuni\u00e3o Diagn\u00f3stica<\/span>\n\t\t\t\t\t<\/span>\n\t\t\t\t\t<\/a>\n\t\t\t\t<\/div>\n\t\t\t\t\t\t\t\t<\/div>\n\t\t\t\t<\/div>\n\t\t\t\t\t<\/div>\n\t\t<\/div>\n\t\t\t\t\t<\/div>\n\t\t<\/section>\n\t\t\t\t<\/div>\n\t\t","protected":false},"excerpt":{"rendered":"<p>Edf. Monte Ararat Automa\u00e7\u00e3o de Bombas O projeto No projeto, monitoramos as bombas com sensores de temperatura e de vaz\u00e3o, com isso conseguimos ter os dados, e tamb\u00e9m facilitar a manuten\u00e7\u00e3o preventiva das bombas. Para facilitar o acionamento das bombas, desenvolvemos uma interface que em conjunto com controladores ESP&#8217;s, acionam as bombas para conseguirmos ter [&hellip;]<\/p>\n","protected":false},"author":1,"featured_media":0,"parent":0,"menu_order":0,"comment_status":"closed","ping_status":"closed","template":"elementor_header_footer","meta":{"footnotes":""},"class_list":["post-828","page","type-page","status-publish","hentry"],"yoast_head":"<!-- This site is optimized with the Yoast SEO plugin v27.3 - https:\/\/yoast.com\/product\/yoast-seo-wordpress\/ -->\n<title>Monte Ararat - Poli Junior Engenharia<\/title>\n<meta name=\"robots\" content=\"index, follow, max-snippet:-1, max-image-preview:large, max-video-preview:-1\" \/>\n<link rel=\"canonical\" href=\"https:\/\/polijuniorengenharia.com.br\/index.php\/monte-ararat\/\" \/>\n<meta property=\"og:locale\" content=\"pt_BR\" \/>\n<meta property=\"og:type\" content=\"article\" \/>\n<meta property=\"og:title\" content=\"Monte Ararat - Poli Junior Engenharia\" \/>\n<meta property=\"og:description\" content=\"Edf. Monte Ararat Automa\u00e7\u00e3o de Bombas O projeto No projeto, monitoramos as bombas com sensores de temperatura e de vaz\u00e3o, com isso conseguimos ter os dados, e tamb\u00e9m facilitar a manuten\u00e7\u00e3o preventiva das bombas. Para facilitar o acionamento das bombas, desenvolvemos uma interface que em conjunto com controladores ESP&#8217;s, acionam as bombas para conseguirmos ter [&hellip;]\" \/>\n<meta property=\"og:url\" content=\"https:\/\/polijuniorengenharia.com.br\/index.php\/monte-ararat\/\" \/>\n<meta property=\"og:site_name\" content=\"Poli Junior Engenharia\" \/>\n<meta property=\"article:modified_time\" content=\"2024-05-22T20:51:44+00:00\" \/>\n<meta property=\"og:image\" content=\"https:\/\/polijuniorengenharia.com.br\/wp-content\/uploads\/2022\/10\/392027_4751_AL481_06.jpg\" \/>\n<meta name=\"twitter:card\" content=\"summary_large_image\" \/>\n<meta name=\"twitter:label1\" content=\"Est. tempo de leitura\" \/>\n\t<meta name=\"twitter:data1\" content=\"1 minuto\" \/>\n<script type=\"application\/ld+json\" class=\"yoast-schema-graph\">{\"@context\":\"https:\\\/\\\/schema.org\",\"@graph\":[{\"@type\":\"WebPage\",\"@id\":\"https:\\\/\\\/polijuniorengenharia.com.br\\\/index.php\\\/monte-ararat\\\/\",\"url\":\"https:\\\/\\\/polijuniorengenharia.com.br\\\/index.php\\\/monte-ararat\\\/\",\"name\":\"Monte Ararat - Poli Junior Engenharia\",\"isPartOf\":{\"@id\":\"https:\\\/\\\/polijuniorengenharia.com.br\\\/#website\"},\"primaryImageOfPage\":{\"@id\":\"https:\\\/\\\/polijuniorengenharia.com.br\\\/index.php\\\/monte-ararat\\\/#primaryimage\"},\"image\":{\"@id\":\"https:\\\/\\\/polijuniorengenharia.com.br\\\/index.php\\\/monte-ararat\\\/#primaryimage\"},\"thumbnailUrl\":\"https:\\\/\\\/polijuniorengenharia.com.br\\\/wp-content\\\/uploads\\\/2022\\\/10\\\/392027_4751_AL481_06.jpg\",\"datePublished\":\"2022-11-16T03:18:35+00:00\",\"dateModified\":\"2024-05-22T20:51:44+00:00\",\"breadcrumb\":{\"@id\":\"https:\\\/\\\/polijuniorengenharia.com.br\\\/index.php\\\/monte-ararat\\\/#breadcrumb\"},\"inLanguage\":\"pt-BR\",\"potentialAction\":[{\"@type\":\"ReadAction\",\"target\":[\"https:\\\/\\\/polijuniorengenharia.com.br\\\/index.php\\\/monte-ararat\\\/\"]}]},{\"@type\":\"ImageObject\",\"inLanguage\":\"pt-BR\",\"@id\":\"https:\\\/\\\/polijuniorengenharia.com.br\\\/index.php\\\/monte-ararat\\\/#primaryimage\",\"url\":\"https:\\\/\\\/polijuniorengenharia.com.br\\\/wp-content\\\/uploads\\\/2022\\\/10\\\/392027_4751_AL481_06.jpg\",\"contentUrl\":\"https:\\\/\\\/polijuniorengenharia.com.br\\\/wp-content\\\/uploads\\\/2022\\\/10\\\/392027_4751_AL481_06.jpg\",\"width\":600,\"height\":450},{\"@type\":\"BreadcrumbList\",\"@id\":\"https:\\\/\\\/polijuniorengenharia.com.br\\\/index.php\\\/monte-ararat\\\/#breadcrumb\",\"itemListElement\":[{\"@type\":\"ListItem\",\"position\":1,\"name\":\"In\u00edcio\",\"item\":\"https:\\\/\\\/polijuniorengenharia.com.br\\\/\"},{\"@type\":\"ListItem\",\"position\":2,\"name\":\"Monte Ararat\"}]},{\"@type\":\"WebSite\",\"@id\":\"https:\\\/\\\/polijuniorengenharia.com.br\\\/#website\",\"url\":\"https:\\\/\\\/polijuniorengenharia.com.br\\\/\",\"name\":\"Poli Junior Engenharia\",\"description\":\"Solu\u00e7\u00f5es de ponta a ponta em engenharia.\",\"publisher\":{\"@id\":\"https:\\\/\\\/polijuniorengenharia.com.br\\\/#organization\"},\"potentialAction\":[{\"@type\":\"SearchAction\",\"target\":{\"@type\":\"EntryPoint\",\"urlTemplate\":\"https:\\\/\\\/polijuniorengenharia.com.br\\\/?s={search_term_string}\"},\"query-input\":{\"@type\":\"PropertyValueSpecification\",\"valueRequired\":true,\"valueName\":\"search_term_string\"}}],\"inLanguage\":\"pt-BR\"},{\"@type\":\"Organization\",\"@id\":\"https:\\\/\\\/polijuniorengenharia.com.br\\\/#organization\",\"name\":\"Poli Junior Engenharia\",\"url\":\"https:\\\/\\\/polijuniorengenharia.com.br\\\/\",\"logo\":{\"@type\":\"ImageObject\",\"inLanguage\":\"pt-BR\",\"@id\":\"https:\\\/\\\/polijuniorengenharia.com.br\\\/#\\\/schema\\\/logo\\\/image\\\/\",\"url\":\"https:\\\/\\\/polijuniorengenharia.com.br\\\/wp-content\\\/uploads\\\/2022\\\/09\\\/Logomarca-FFDLFFT1B1.png\",\"contentUrl\":\"https:\\\/\\\/polijuniorengenharia.com.br\\\/wp-content\\\/uploads\\\/2022\\\/09\\\/Logomarca-FFDLFFT1B1.png\",\"width\":300,\"height\":80,\"caption\":\"Poli Junior Engenharia\"},\"image\":{\"@id\":\"https:\\\/\\\/polijuniorengenharia.com.br\\\/#\\\/schema\\\/logo\\\/image\\\/\"},\"sameAs\":[\"https:\\\/\\\/www.instagram.com\\\/polijunioreng\\\/\",\"https:\\\/\\\/br.linkedin.com\\\/company\\\/poli-jnior-engenharia\"]}]}<\/script>\n<!-- \/ Yoast SEO plugin. -->","yoast_head_json":{"title":"Monte Ararat - Poli Junior Engenharia","robots":{"index":"index","follow":"follow","max-snippet":"max-snippet:-1","max-image-preview":"max-image-preview:large","max-video-preview":"max-video-preview:-1"},"canonical":"https:\/\/polijuniorengenharia.com.br\/index.php\/monte-ararat\/","og_locale":"pt_BR","og_type":"article","og_title":"Monte Ararat - Poli Junior Engenharia","og_description":"Edf. Monte Ararat Automa\u00e7\u00e3o de Bombas O projeto No projeto, monitoramos as bombas com sensores de temperatura e de vaz\u00e3o, com isso conseguimos ter os dados, e tamb\u00e9m facilitar a manuten\u00e7\u00e3o preventiva das bombas. Para facilitar o acionamento das bombas, desenvolvemos uma interface que em conjunto com controladores ESP&#8217;s, acionam as bombas para conseguirmos ter [&hellip;]","og_url":"https:\/\/polijuniorengenharia.com.br\/index.php\/monte-ararat\/","og_site_name":"Poli Junior Engenharia","article_modified_time":"2024-05-22T20:51:44+00:00","og_image":[{"url":"https:\/\/polijuniorengenharia.com.br\/wp-content\/uploads\/2022\/10\/392027_4751_AL481_06.jpg","type":"","width":"","height":""}],"twitter_card":"summary_large_image","twitter_misc":{"Est. tempo de leitura":"1 minuto"},"schema":{"@context":"https:\/\/schema.org","@graph":[{"@type":"WebPage","@id":"https:\/\/polijuniorengenharia.com.br\/index.php\/monte-ararat\/","url":"https:\/\/polijuniorengenharia.com.br\/index.php\/monte-ararat\/","name":"Monte Ararat - Poli Junior Engenharia","isPartOf":{"@id":"https:\/\/polijuniorengenharia.com.br\/#website"},"primaryImageOfPage":{"@id":"https:\/\/polijuniorengenharia.com.br\/index.php\/monte-ararat\/#primaryimage"},"image":{"@id":"https:\/\/polijuniorengenharia.com.br\/index.php\/monte-ararat\/#primaryimage"},"thumbnailUrl":"https:\/\/polijuniorengenharia.com.br\/wp-content\/uploads\/2022\/10\/392027_4751_AL481_06.jpg","datePublished":"2022-11-16T03:18:35+00:00","dateModified":"2024-05-22T20:51:44+00:00","breadcrumb":{"@id":"https:\/\/polijuniorengenharia.com.br\/index.php\/monte-ararat\/#breadcrumb"},"inLanguage":"pt-BR","potentialAction":[{"@type":"ReadAction","target":["https:\/\/polijuniorengenharia.com.br\/index.php\/monte-ararat\/"]}]},{"@type":"ImageObject","inLanguage":"pt-BR","@id":"https:\/\/polijuniorengenharia.com.br\/index.php\/monte-ararat\/#primaryimage","url":"https:\/\/polijuniorengenharia.com.br\/wp-content\/uploads\/2022\/10\/392027_4751_AL481_06.jpg","contentUrl":"https:\/\/polijuniorengenharia.com.br\/wp-content\/uploads\/2022\/10\/392027_4751_AL481_06.jpg","width":600,"height":450},{"@type":"BreadcrumbList","@id":"https:\/\/polijuniorengenharia.com.br\/index.php\/monte-ararat\/#breadcrumb","itemListElement":[{"@type":"ListItem","position":1,"name":"In\u00edcio","item":"https:\/\/polijuniorengenharia.com.br\/"},{"@type":"ListItem","position":2,"name":"Monte Ararat"}]},{"@type":"WebSite","@id":"https:\/\/polijuniorengenharia.com.br\/#website","url":"https:\/\/polijuniorengenharia.com.br\/","name":"Poli Junior Engenharia","description":"Solu\u00e7\u00f5es de ponta a ponta em engenharia.","publisher":{"@id":"https:\/\/polijuniorengenharia.com.br\/#organization"},"potentialAction":[{"@type":"SearchAction","target":{"@type":"EntryPoint","urlTemplate":"https:\/\/polijuniorengenharia.com.br\/?s={search_term_string}"},"query-input":{"@type":"PropertyValueSpecification","valueRequired":true,"valueName":"search_term_string"}}],"inLanguage":"pt-BR"},{"@type":"Organization","@id":"https:\/\/polijuniorengenharia.com.br\/#organization","name":"Poli Junior Engenharia","url":"https:\/\/polijuniorengenharia.com.br\/","logo":{"@type":"ImageObject","inLanguage":"pt-BR","@id":"https:\/\/polijuniorengenharia.com.br\/#\/schema\/logo\/image\/","url":"https:\/\/polijuniorengenharia.com.br\/wp-content\/uploads\/2022\/09\/Logomarca-FFDLFFT1B1.png","contentUrl":"https:\/\/polijuniorengenharia.com.br\/wp-content\/uploads\/2022\/09\/Logomarca-FFDLFFT1B1.png","width":300,"height":80,"caption":"Poli Junior Engenharia"},"image":{"@id":"https:\/\/polijuniorengenharia.com.br\/#\/schema\/logo\/image\/"},"sameAs":["https:\/\/www.instagram.com\/polijunioreng\/","https:\/\/br.linkedin.com\/company\/poli-jnior-engenharia"]}]}},"_links":{"self":[{"href":"https:\/\/polijuniorengenharia.com.br\/index.php\/wp-json\/wp\/v2\/pages\/828","targetHints":{"allow":["GET"]}}],"collection":[{"href":"https:\/\/polijuniorengenharia.com.br\/index.php\/wp-json\/wp\/v2\/pages"}],"about":[{"href":"https:\/\/polijuniorengenharia.com.br\/index.php\/wp-json\/wp\/v2\/types\/page"}],"author":[{"embeddable":true,"href":"https:\/\/polijuniorengenharia.com.br\/index.php\/wp-json\/wp\/v2\/users\/1"}],"replies":[{"embeddable":true,"href":"https:\/\/polijuniorengenharia.com.br\/index.php\/wp-json\/wp\/v2\/comments?post=828"}],"version-history":[{"count":6,"href":"https:\/\/polijuniorengenharia.com.br\/index.php\/wp-json\/wp\/v2\/pages\/828\/revisions"}],"predecessor-version":[{"id":1665,"href":"https:\/\/polijuniorengenharia.com.br\/index.php\/wp-json\/wp\/v2\/pages\/828\/revisions\/1665"}],"wp:attachment":[{"href":"https:\/\/polijuniorengenharia.com.br\/index.php\/wp-json\/wp\/v2\/media?parent=828"}],"curies":[{"name":"wp","href":"https:\/\/api.w.org\/{rel}","templated":true}]}}